{"id":29,"date":"2024-03-27T13:20:00","date_gmt":"2024-03-27T13:20:00","guid":{"rendered":"https:\/\/dummy.xtemos.com\/woodmart2\/pills\/?page_id=29"},"modified":"2025-09-23T17:35:10","modified_gmt":"2025-09-23T14:35:10","slug":"%d0%ba%d0%be%d0%bd%d1%82%d0%b0%d0%ba%d1%82%d1%8b","status":"publish","type":"page","link":"https:\/\/www.forainnlara.com\/ru\/%d0%ba%d0%be%d0%bd%d1%82%d0%b0%d0%ba%d1%82%d1%8b\/","title":{"rendered":"\u041a\u043e\u043d\u0442\u0430\u043a\u0442\u044b"},"content":{"rendered":"<div class=\"wpb-content-wrapper\"><p>[vc_row woodmart_css_id=&#8221;65f1a3ae4aa7a&#8221; responsive_spacing=&#8221;eyJwYXJhbV90eXBlIjoid29vZG1hcnRfcmVzcG9uc2l2ZV9zcGFjaW5nIiwic2VsZWN0b3JfaWQiOiI2NWYxYTNhZTRhYTdhIiwic2hvcnRjb2RlIjoidmNfcm93IiwiZGF0YSI6eyJ0YWJsZXQiOnt9LCJtb2JpbGUiOnt9fX0=&#8221; mobile_bg_img_hidden=&#8221;no&#8221; tablet_bg_img_hidden=&#8221;no&#8221; woodmart_parallax=&#8221;0&#8243; woodmart_gradient_switch=&#8221;no&#8221; woodmart_box_shadow=&#8221;no&#8221; wd_z_index=&#8221;no&#8221; woodmart_disable_overflow=&#8221;0&#8243; row_reverse_mobile=&#8221;1&#8243; row_reverse_tablet=&#8221;1&#8243;][vc_column css=&#8221;.vc_custom_1693570747509{margin-bottom: 30px !important;padding-top: 0px !important;}&#8221; woodmart_css_id=&#8221;64f1d6b68cd10&#8243; parallax_scroll=&#8221;no&#8221; woodmart_sticky_column=&#8221;false&#8221; wd_collapsible_content_switcher=&#8221;no&#8221; wd_column_role_offcanvas_desktop=&#8221;no&#8221; wd_column_role_offcanvas_tablet=&#8221;no&#8221; wd_column_role_offcanvas_mobile=&#8221;no&#8221; wd_column_role_content_desktop=&#8221;no&#8221; wd_column_role_content_tablet=&#8221;no&#8221; wd_column_role_content_mobile=&#8221;no&#8221; mobile_bg_img_hidden=&#8221;no&#8221; tablet_bg_img_hidden=&#8221;no&#8221; woodmart_parallax=&#8221;0&#8243; woodmart_box_shadow=&#8221;no&#8221; responsive_spacing=&#8221;eyJwYXJhbV90eXBlIjoid29vZG1hcnRfcmVzcG9uc2l2ZV9zcGFjaW5nIiwic2VsZWN0b3JfaWQiOiI2NGYxZDZiNjhjZDEwIiwic2hvcnRjb2RlIjoidmNfY29sdW1uIiwiZGF0YSI6eyJ0YWJsZXQiOnt9LCJtb2JpbGUiOnt9fX0=&#8221; mobile_reset_margin=&#8221;no&#8221; tablet_reset_margin=&#8221;no&#8221; wd_z_index=&#8221;no&#8221; offset=&#8221;vc_col-lg-5 vc_col-md-5&#8243;]\n\t\t<div id=\"wd-68d2aef28079c\" class=\"title-wrapper wd-wpb wd-set-mb reset-last-child  wd-rs-68d2aef28079c wd-title-color-default wd-title-style-default text-left vc_custom_1758638114480 wd-underline-colored\">\n\t\t\t\n\t\t\t<div class=\"liner-continer\">\n\t\t\t\t<h4 class=\"woodmart-title-container title  wd-font-weight- wd-fontsize-l\" >\u0410\u0434\u0440\u0435\u0441<\/h4>\n\t\t\t\t\t\t\t<\/div>\n\t\t\t\n\t\t\t\n\t\t\t\n\t\t<\/div>\n\t\t\n\t\t\t\t<div id=\"wd-6868e08d9fa06\" class=\"wd-text-block wd-wpb reset-last-child wd-rs-6868e08d9fa06 text-left wd-font-weight-500 color-title wd-fontsize-l font-primary vc_custom_1751703916624\">\n\t\t\t<p><a href=\"https:\/\/maps.app.goo.gl\/HsH949H3jgAE8asZA\">Z\u00fcmr\u00fctova, Sinano\u011flu Cd. No:73, 07200 Muratpa\u015fa\/Antalya<\/a><\/p>\n\t\t<\/div>\n\t\t[vc_separator css=&#8221;&#8221; wd_hide_on_desktop=&#8221;no&#8221; wd_hide_on_tablet=&#8221;no&#8221; wd_hide_on_mobile=&#8221;no&#8221;][vc_row_inner woodmart_css_id=&#8221;65f443fb91fa0&#8243; responsive_spacing=&#8221;eyJwYXJhbV90eXBlIjoid29vZG1hcnRfcmVzcG9uc2l2ZV9zcGFjaW5nIiwic2VsZWN0b3JfaWQiOiI2NWY0NDNmYjkxZmEwIiwic2hvcnRjb2RlIjoidmNfcm93X2lubmVyIiwiZGF0YSI6eyJ0YWJsZXQiOnt9LCJtb2JpbGUiOnsibWFyZ2luLWJvdHRvbSI6IjEwIn19fQ==&#8221; mobile_bg_img_hidden=&#8221;no&#8221; tablet_bg_img_hidden=&#8221;no&#8221; woodmart_parallax=&#8221;0&#8243; woodmart_gradient_switch=&#8221;no&#8221; woodmart_box_shadow=&#8221;no&#8221; wd_z_index=&#8221;no&#8221; woodmart_disable_overflow=&#8221;0&#8243; row_reverse_mobile=&#8221;0&#8243; row_reverse_tablet=&#8221;0&#8243;][vc_column_inner width=&#8221;1\/2&#8243; css=&#8221;.vc_custom_1693569869619{padding-top: 0px !important;}&#8221; woodmart_css_id=&#8221;64f1d349bf662&#8243; parallax_scroll=&#8221;no&#8221; woodmart_sticky_column=&#8221;false&#8221; wd_collapsible_content_switcher=&#8221;no&#8221; wd_column_role_offcanvas_desktop=&#8221;no&#8221; wd_column_role_offcanvas_tablet=&#8221;no&#8221; wd_column_role_offcanvas_mobile=&#8221;no&#8221; wd_column_role_content_desktop=&#8221;no&#8221; wd_column_role_content_tablet=&#8221;no&#8221; wd_column_role_content_mobile=&#8221;no&#8221; mobile_bg_img_hidden=&#8221;no&#8221; tablet_bg_img_hidden=&#8221;no&#8221; woodmart_parallax=&#8221;0&#8243; woodmart_box_shadow=&#8221;no&#8221; responsive_spacing=&#8221;eyJwYXJhbV90eXBlIjoid29vZG1hcnRfcmVzcG9uc2l2ZV9zcGFjaW5nIiwic2VsZWN0b3JfaWQiOiI2NGYxZDM0OWJmNjYyIiwic2hvcnRjb2RlIjoidmNfY29sdW1uX2lubmVyIiwiZGF0YSI6eyJ0YWJsZXQiOnt9LCJtb2JpbGUiOnt9fX0=&#8221; wd_z_index=&#8221;no&#8221;]\n\t\t<div id=\"wd-68d2aefaba187\" class=\"title-wrapper wd-wpb wd-set-mb reset-last-child  wd-rs-68d2aefaba187 wd-title-color-default wd-title-style-default text-left vc_custom_1758638121764 wd-underline-colored\">\n\t\t\t\n\t\t\t<div class=\"liner-continer\">\n\t\t\t\t<h4 class=\"woodmart-title-container title  wd-font-weight- wd-fontsize-l\" >\u0422\u0435\u043b\u0435\u0444\u043e\u043d<\/h4>\n\t\t\t\t\t\t\t<\/div>\n\t\t\t\n\t\t\t\n\t\t\t\n\t\t<\/div>\n\t\t\n\t\t\t\t<div id=\"wd-6868e07409168\" class=\"wd-text-block wd-wpb reset-last-child wd-rs-6868e07409168 text-left wd-font-weight-500 color-title wd-fontsize-s font-primary vc_custom_1751703902526\">\n\t\t\t<p><a href=\"tel:+905320124686\">+90 (532) 012 46 86<\/a><\/p>\n\t\t<\/div>\n\t\t[\/vc_column_inner][vc_column_inner width=&#8221;1\/2&#8243; css=&#8221;.vc_custom_1693569874147{padding-top: 0px !important;}&#8221; woodmart_css_id=&#8221;64f1d34f2938b&#8221; parallax_scroll=&#8221;no&#8221; woodmart_sticky_column=&#8221;false&#8221; wd_collapsible_content_switcher=&#8221;no&#8221; wd_column_role_offcanvas_desktop=&#8221;no&#8221; wd_column_role_offcanvas_tablet=&#8221;no&#8221; wd_column_role_offcanvas_mobile=&#8221;no&#8221; wd_column_role_content_desktop=&#8221;no&#8221; wd_column_role_content_tablet=&#8221;no&#8221; wd_column_role_content_mobile=&#8221;no&#8221; mobile_bg_img_hidden=&#8221;no&#8221; tablet_bg_img_hidden=&#8221;no&#8221; woodmart_parallax=&#8221;0&#8243; woodmart_box_shadow=&#8221;no&#8221; responsive_spacing=&#8221;eyJwYXJhbV90eXBlIjoid29vZG1hcnRfcmVzcG9uc2l2ZV9zcGFjaW5nIiwic2VsZWN0b3JfaWQiOiI2NGYxZDM0ZjI5MzhiIiwic2hvcnRjb2RlIjoidmNfY29sdW1uX2lubmVyIiwiZGF0YSI6eyJ0YWJsZXQiOnt9LCJtb2JpbGUiOnt9fX0=&#8221; wd_z_index=&#8221;no&#8221;]\n\t\t<div id=\"wd-68d2aefdda990\" class=\"title-wrapper wd-wpb wd-set-mb reset-last-child  wd-rs-68d2aefdda990 wd-title-color-default wd-title-style-default text-left vc_custom_1758638128042 wd-underline-colored\">\n\t\t\t\n\t\t\t<div class=\"liner-continer\">\n\t\t\t\t<h4 class=\"woodmart-title-container title  wd-font-weight- wd-fontsize-l\" >\u042d\u043b. \u043f\u043e\u0447\u0442\u0430<\/h4>\n\t\t\t\t\t\t\t<\/div>\n\t\t\t\n\t\t\t\n\t\t\t\n\t\t<\/div>\n\t\t\n\t\t\t\t<div id=\"wd-6868e085de32e\" class=\"wd-text-block wd-wpb reset-last-child wd-rs-6868e085de32e text-left wd-font-weight-500 color-title wd-fontsize-s font-primary vc_custom_1751703907923\">\n\t\t\t<p><a href=\"mailto:info@forainnlara.com\">info@forainnlara.com<\/a><\/p>\n\t\t<\/div>\n\t\t[\/vc_column_inner][\/vc_row_inner][vc_row_inner css=&#8221;.vc_custom_1710506877764{margin-right: -5px !important;margin-left: -5px !important;padding-top: 40px !important;padding-right: 25px !important;padding-bottom: 20px !important;padding-left: 25px !important;background-color: #f7f7f7 !important;border-radius: 15px !important;}&#8221; woodmart_css_id=&#8221;65f44365cfc4d&#8221; responsive_spacing=&#8221;eyJwYXJhbV90eXBlIjoid29vZG1hcnRfcmVzcG9uc2l2ZV9zcGFjaW5nIiwic2VsZWN0b3JfaWQiOiI2NWY0NDM2NWNmYzRkIiwic2hvcnRjb2RlIjoidmNfcm93X2lubmVyIiwiZGF0YSI6eyJ0YWJsZXQiOnsicGFkZGluZy10b3AiOiIzMCIsInBhZGRpbmctcmlnaHQiOiIxNSIsInBhZGRpbmctYm90dG9tIjoiMTAiLCJwYWRkaW5nLWxlZnQiOiIxNSJ9LCJtb2JpbGUiOnt9fX0=&#8221; mobile_bg_img_hidden=&#8221;no&#8221; tablet_bg_img_hidden=&#8221;no&#8221; woodmart_parallax=&#8221;0&#8243; woodmart_gradient_switch=&#8221;no&#8221; woodmart_box_shadow=&#8221;no&#8221; wd_z_index=&#8221;no&#8221; woodmart_disable_overflow=&#8221;0&#8243; row_reverse_mobile=&#8221;0&#8243; row_reverse_tablet=&#8221;0&#8243;][vc_column_inner css=&#8221;.vc_custom_1693569991435{padding-top: 0px !important;}&#8221; woodmart_css_id=&#8221;64f1d3c1ec001&#8243; parallax_scroll=&#8221;no&#8221; woodmart_sticky_column=&#8221;false&#8221; wd_collapsible_content_switcher=&#8221;no&#8221; wd_column_role_offcanvas_desktop=&#8221;no&#8221; wd_column_role_offcanvas_tablet=&#8221;no&#8221; wd_column_role_offcanvas_mobile=&#8221;no&#8221; wd_column_role_content_desktop=&#8221;no&#8221; wd_column_role_content_tablet=&#8221;no&#8221; wd_column_role_content_mobile=&#8221;no&#8221; mobile_bg_img_hidden=&#8221;no&#8221; tablet_bg_img_hidden=&#8221;no&#8221; woodmart_parallax=&#8221;0&#8243; woodmart_box_shadow=&#8221;no&#8221; responsive_spacing=&#8221;eyJwYXJhbV90eXBlIjoid29vZG1hcnRfcmVzcG9uc2l2ZV9zcGFjaW5nIiwic2VsZWN0b3JfaWQiOiI2NGYxZDNjMWVjMDAxIiwic2hvcnRjb2RlIjoidmNfY29sdW1uX2lubmVyIiwiZGF0YSI6eyJ0YWJsZXQiOnt9LCJtb2JpbGUiOnt9fX0=&#8221; wd_z_index=&#8221;no&#8221;]\n\t\t<div id=\"wd-68d2af4311a16\" class=\"title-wrapper wd-wpb wd-set-mb reset-last-child  wd-rs-68d2af4311a16 wd-title-color-default wd-title-style-default text-left vc_custom_1758638194206 wd-underline-colored\">\n\t\t\t\n\t\t\t<div class=\"liner-continer\">\n\t\t\t\t<h4 class=\"woodmart-title-container title  wd-font-weight- wd-fontsize-xl\" >\u0424\u043e\u0440\u043c\u0430 \u043e\u0431\u0440\u0430\u0442\u043d\u043e\u0439 \u0441\u0432\u044f\u0437\u0438<\/h4>\n\t\t\t\t\t\t\t<\/div>\n\t\t\t\n\t\t\t\n\t\t\t\n\t\t<\/div>\n\t\t\n\t\t\t\t\t\t\t<div class=\"wd-cf7 wd-wpb wd-rs-678e6e1a0b378 vc_custom_1737387549342\">\n\t\t\t\t\n<div class=\"wpcf7 no-js\" id=\"wpcf7-f12-o1\" lang=\"en-US\" dir=\"ltr\" data-wpcf7-id=\"12\">\n<div class=\"screen-reader-response\"><p role=\"status\" aria-live=\"polite\" aria-atomic=\"true\"><\/p> <ul><\/ul><\/div>\n<form action=\"\/ru\/wp-json\/wp\/v2\/pages\/29#wpcf7-f12-o1\" method=\"post\" class=\"wpcf7-form init\" aria-label=\"Contact form\" novalidate=\"novalidate\" data-status=\"init\">\n<fieldset class=\"hidden-fields-container\"><input type=\"hidden\" name=\"_wpcf7\" value=\"12\" \/><input type=\"hidden\" name=\"_wpcf7_version\" value=\"6.1.1\" \/><input type=\"hidden\" name=\"_wpcf7_locale\" value=\"en_US\" \/><input type=\"hidden\" name=\"_wpcf7_unit_tag\" value=\"wpcf7-f12-o1\" \/><input type=\"hidden\" name=\"_wpcf7_container_post\" value=\"0\" \/><input type=\"hidden\" name=\"_wpcf7_posted_data_hash\" value=\"\" \/>\n<\/fieldset>\n<style>\n.waitbuton{display:none;\n background: #e0b252;\n padding: 10px;\n border-radius: 10px;\n padding: 20px;\n text-align: center;\n color: #fff;\n}\nform.wpcf7-form.submitting .waitbuton{display:block;}\nform.wpcf7-form.submitting .isobutton{display:none;}\n<\/style>\n<div class=\"wd-grid-g\">\n\t<div class=\"wd-grid-f-stretch\" style=\"--wd-gap-lg: 30px;--wd-gap-sm: 20px\">\n\t\t<p class=\"wd-col\"><span class=\"wpcf7-form-control-wrap\" data-name=\"text-773\"><input size=\"40\" maxlength=\"400\" class=\"wpcf7-form-control wpcf7-text wpcf7-validates-as-required\" aria-required=\"true\" aria-invalid=\"false\" placeholder=\"\u0418\u043c\u044f\" value=\"\" type=\"text\" name=\"text-773\" \/><\/span>\n\t\t<\/p>\n\t\t<p class=\"wd-col\"><span class=\"wpcf7-form-control-wrap\" data-name=\"text-774\"><input size=\"40\" maxlength=\"400\" class=\"wpcf7-form-control wpcf7-text wpcf7-validates-as-required\" aria-required=\"true\" aria-invalid=\"false\" placeholder=\"\u0424\u0430\u043c\u0438\u043b\u0438\u044f\" value=\"\" type=\"text\" name=\"text-774\" \/><\/span>\n\t\t<\/p>\n\t<\/div>\n\t<div class=\"wd-grid-f-stretch\" style=\"--wd-gap-lg: 30px;--wd-gap-sm: 20px\">\n\t\t<p class=\"wd-col\"><span class=\"wpcf7-form-control-wrap\" data-name=\"tel-426\"><input size=\"40\" maxlength=\"400\" class=\"wpcf7-form-control wpcf7-tel wpcf7-validates-as-required wpcf7-text wpcf7-validates-as-tel\" aria-required=\"true\" aria-invalid=\"false\" placeholder=\"\u0422\u0435\u043b\u0435\u0444\u043e\u043d*\" value=\"\" type=\"tel\" name=\"tel-426\" \/><\/span>\n\t\t<\/p>\n\t\t<p class=\"wd-col\"><span class=\"wpcf7-form-control-wrap\" data-name=\"email-231\"><input size=\"40\" maxlength=\"400\" class=\"wpcf7-form-control wpcf7-email wpcf7-validates-as-required wpcf7-text wpcf7-validates-as-email\" aria-required=\"true\" aria-invalid=\"false\" placeholder=\"\u042d\u043b. \u043f\u043e\u0447\u0442\u0430\" value=\"\" type=\"email\" name=\"email-231\" \/><\/span>\n\t\t<\/p>\n\t<\/div>\n\t<p class=\"wd-col\"><span class=\"wpcf7-form-control-wrap\" data-name=\"your-message\"><textarea cols=\"40\" rows=\"10\" maxlength=\"2000\" class=\"wpcf7-form-control wpcf7-textarea wpcf7-validates-as-required\" aria-required=\"true\" aria-invalid=\"false\" placeholder=\"\u0412\u0430\u0448\u0435 \u0441\u043e\u043e\u0431\u0449\u0435\u043d\u0438\u0435\" name=\"your-message\"><\/textarea><\/span>\n\t<\/p>\n\t<p class=\"wd-col\">[cf7sr-recaptcha]\n\t<\/p>\n\t<p class=\"wd-col\"><input class=\"wpcf7-form-control wpcf7-submit has-spinner btn btn-color-primary\" type=\"submit\" value=\"\u041e\u0442\u043f\u0440\u0430\u0432\u0438\u0442\u044c\" \/>\n\t<\/p>\n\t<p class=\"waitbuton\">\u0412\u0430\u0448\u0435 \u0441\u043e\u043e\u0431\u0449\u0435\u043d\u0438\u0435 \u043e\u0442\u043f\u0440\u0430\u0432\u043b\u044f\u0435\u0442\u0441\u044f...\n\t<\/p>\n<\/div><div class=\"wpcf7-response-output\" aria-hidden=\"true\"><\/div>\n<\/form>\n<\/div>\n\t\t\t<\/div>\n\t\t\t\t[\/vc_column_inner][\/vc_row_inner][\/vc_column][vc_column css=&#8221;.vc_custom_1693570751886{margin-bottom: 30px !important;padding-top: 0px !important;}&#8221; woodmart_css_id=&#8221;64f1d6bcd5522&#8243; parallax_scroll=&#8221;no&#8221; woodmart_sticky_column=&#8221;false&#8221; wd_collapsible_content_switcher=&#8221;no&#8221; wd_column_role_offcanvas_desktop=&#8221;no&#8221; wd_column_role_offcanvas_tablet=&#8221;no&#8221; wd_column_role_offcanvas_mobile=&#8221;no&#8221; wd_column_role_content_desktop=&#8221;no&#8221; wd_column_role_content_tablet=&#8221;no&#8221; wd_column_role_content_mobile=&#8221;no&#8221; mobile_bg_img_hidden=&#8221;no&#8221; tablet_bg_img_hidden=&#8221;no&#8221; woodmart_parallax=&#8221;0&#8243; woodmart_box_shadow=&#8221;no&#8221; responsive_spacing=&#8221;eyJwYXJhbV90eXBlIjoid29vZG1hcnRfcmVzcG9uc2l2ZV9zcGFjaW5nIiwic2VsZWN0b3JfaWQiOiI2NGYxZDZiY2Q1NTIyIiwic2hvcnRjb2RlIjoidmNfY29sdW1uIiwiZGF0YSI6eyJ0YWJsZXQiOnt9LCJtb2JpbGUiOnt9fX0=&#8221; mobile_reset_margin=&#8221;no&#8221; tablet_reset_margin=&#8221;no&#8221; wd_z_index=&#8221;no&#8221; offset=&#8221;vc_col-lg-7 vc_col-md-7&#8243;]\t\t<div class=\"wd-osm-map-container wd-map-container wd-rs-68d2b01a38b74 \">\n\t\t\t<div id=\"wd-rs-68d2b01a38b74\" class=\"wd-osm-map-wrapper wd-map-wrapper\" data-settings=\"{&quot;zoom&quot;:&quot;15&quot;,&quot;iconUrl&quot;:&quot;https:\\\/\\\/www.forainnlara.com\\\/ru\\\/wp-content\\\/themes\\\/woodmart\\\/images\\\/icons\\\/marker-icon.png&quot;,&quot;scrollWheelZoom&quot;:&quot;yes&quot;,&quot;zoomControl&quot;:&quot;yes&quot;,&quot;dragging&quot;:&quot;yes&quot;,&quot;geoapify_tile&quot;:&quot;osm-carto&quot;,&quot;markers&quot;:[{&quot;marker&quot;:{&quot;marker_coords&quot;:&quot;36.86065790390275, 30.74594556863046&quot;,&quot;marker_behavior&quot;:&quot;popup&quot;,&quot;show_button&quot;:&quot;no&quot;,&quot;button_url_target&quot;:&quot;_blank&quot;,&quot;image_size&quot;:[],&quot;image&quot;:&quot;&quot;},&quot;lat&quot;:&quot;36.86065790390275&quot;,&quot;lng&quot;:&quot; 30.74594556863046&quot;}],&quot;center&quot;:&quot;36.860657903903,30.74594556863&quot;,&quot;init_type&quot;:&quot;page_load&quot;,&quot;init_offset&quot;:&quot;100&quot;}\"><\/div>\n\n\t\t\t\n\t\t\t\n\t\t\t\t\t<\/div>\n\t\t[vc_empty_space height=&#8221;15px&#8221; woodmart_hide_large=&#8221;0&#8243; woodmart_hide_medium=&#8221;0&#8243; woodmart_hide_small=&#8221;0&#8243;]<div id=\"wd-68d2af46817ea\" class=\" wd-rs-68d2af46817ea  wd-button-wrapper text-center\"><a href=\"https:\/\/maps.app.goo.gl\/XrF4RV56oYhTc5DQ8\" title=\"\" class=\"btn btn-color-primary btn-style-default btn-shape-semi-round btn-size-default btn-full-width btn-icon-pos-left\">\u041f\u0440\u043e\u043b\u043e\u0436\u0438\u0442\u044c \u043c\u0430\u0440\u0448\u0440\u0443\u0442<span class=\"wd-btn-icon\"><span class=\"wd-icon fa fa-solid fa-map-location-dot\"><\/span><\/span><\/a><\/div>[\/vc_column][\/vc_row]<\/p>\n<\/div>","protected":false},"excerpt":{"rendered":"<p>[vc_row woodmart_css_id=&#8221;65f1a3ae4aa7a&#8221; responsive_spacing=&#8221;eyJwYXJhbV90eXBlIjoid29vZG1hcnRfcmVzcG9uc2l2ZV9zcGFjaW5nIiwic2VsZWN0b3JfaWQiOiI2NWYxYTNhZTRhYTdhIiwic2hvcnRjb2RlIjoidmNfcm93IiwiZGF0YSI6eyJ0YWJsZXQiOnt9LCJtb2JpbGUiOnt9fX0=&#8221; mobile_bg_img_hidden=&#8221;no&#8221; tablet_bg_img_hidden=&#8221;no&#8221; woodmart_parallax=&#8221;0&#8243; woodmart_gradient_switch=&#8221;no&#8221; woodmart_box_shadow=&#8221;no&#8221; wd_z_index=&#8221;no&#8221; woodmart_disable_overflow=&#8221;0&#8243; row_reverse_mobile=&#8221;1&#8243; row_reverse_tablet=&#8221;1&#8243;][vc_column css=&#8221;.vc_custom_1693570747509{margin-bottom: 30px !important;padding-top: 0px !important;}&#8221; woodmart_css_id=&#8221;64f1d6b68cd10&#8243; parallax_scroll=&#8221;no&#8221; woodmart_sticky_column=&#8221;false&#8221;<\/p>\n","protected":false},"author":1,"featured_media":0,"parent":0,"menu_order":0,"comment_status":"closed","ping_status":"closed","template":"","meta":{"footnotes":""},"class_list":["post-29","page","type-page","status-publish","hentry"],"_links":{"self":[{"href":"https:\/\/www.forainnlara.com\/ru\/wp-json\/wp\/v2\/pages\/29","targetHints":{"allow":["GET"]}}],"collection":[{"href":"https:\/\/www.forainnlara.com\/ru\/wp-json\/wp\/v2\/pages"}],"about":[{"href":"https:\/\/www.forainnlara.com\/ru\/wp-json\/wp\/v2\/types\/page"}],"author":[{"embeddable":true,"href":"https:\/\/www.forainnlara.com\/ru\/wp-json\/wp\/v2\/users\/1"}],"replies":[{"embeddable":true,"href":"https:\/\/www.forainnlara.com\/ru\/wp-json\/wp\/v2\/comments?post=29"}],"version-history":[{"count":23,"href":"https:\/\/www.forainnlara.com\/ru\/wp-json\/wp\/v2\/pages\/29\/revisions"}],"predecessor-version":[{"id":1751,"href":"https:\/\/www.forainnlara.com\/ru\/wp-json\/wp\/v2\/pages\/29\/revisions\/1751"}],"wp:attachment":[{"href":"https:\/\/www.forainnlara.com\/ru\/wp-json\/wp\/v2\/media?parent=29"}],"curies":[{"name":"wp","href":"https:\/\/api.w.org\/{rel}","templated":true}]}}