{"id":925,"date":"2025-05-26T10:40:30","date_gmt":"2025-05-26T10:40:30","guid":{"rendered":"https:\/\/www.forainnlara.com\/en\/?page_id=925"},"modified":"2025-12-16T17:07:44","modified_gmt":"2025-12-16T14:07:44","slug":"entertainment-events","status":"publish","type":"page","link":"https:\/\/www.forainnlara.com\/en\/entertainment-events\/","title":{"rendered":"Entertainment &#038; Events"},"content":{"rendered":"<div class=\"wpb-content-wrapper\"><p>[vc_row css=&#8221;.vc_custom_1693568326830{margin-bottom: 80px !important;}&#8221; woodmart_css_id=&#8221;64f1cd3e187b0&#8243; responsive_spacing=&#8221;eyJwYXJhbV90eXBlIjoid29vZG1hcnRfcmVzcG9uc2l2ZV9zcGFjaW5nIiwic2VsZWN0b3JfaWQiOiI2NGYxY2QzZTE4N2IwIiwic2hvcnRjb2RlIjoidmNfcm93IiwiZGF0YSI6eyJ0YWJsZXQiOnsibWFyZ2luLWJvdHRvbSI6IjYwIn0sIm1vYmlsZSI6eyJtYXJnaW4tYm90dG9tIjoiNDAifX19&#8243; mobile_bg_img_hidden=&#8221;no&#8221; tablet_bg_img_hidden=&#8221;no&#8221; woodmart_parallax=&#8221;0&#8243; woodmart_gradient_switch=&#8221;no&#8221; woodmart_box_shadow=&#8221;no&#8221; wd_z_index=&#8221;no&#8221; woodmart_disable_overflow=&#8221;0&#8243; row_reverse_mobile=&#8221;0&#8243; row_reverse_tablet=&#8221;0&#8243;][vc_column width=&#8221;1\/4&#8243;][vc_video link=&#8221;https:\/\/www.youtube.com\/shorts\/iFuHga8oKAA&#8221; el_aspect=&#8221;34&#8243; css=&#8221;&#8221; woodmart_css_id=&#8221;6851741ec70e3&#8243; image_poster_switch=&#8221;no&#8221; title=&#8221;ATV Tour&#8221;][vc_video link=&#8221;https:\/\/www.youtube.com\/shorts\/fG8rPHAeFCc&#8221; el_aspect=&#8221;34&#8243; css=&#8221;&#8221; woodmart_css_id=&#8221;6851742fd9072&#8243; image_poster_switch=&#8221;no&#8221; title=&#8221;Jeep Safari&#8221;][\/vc_column][vc_column width=&#8221;1\/4&#8243;][vc_video link=&#8221;https:\/\/www.youtube.com\/shorts\/WjzP0PPteY8&#8243; el_aspect=&#8221;34&#8243; css=&#8221;&#8221; woodmart_css_id=&#8221;6851741c374d8&#8243; image_poster_switch=&#8221;no&#8221; title=&#8221;Rafting Tour&#8221;][vc_video link=&#8221;https:\/\/www.youtube.com\/shorts\/XBZAA5rQIgM&#8221; el_aspect=&#8221;34&#8243; css=&#8221;&#8221; woodmart_css_id=&#8221;6851749f3bfbc&#8221; image_poster_switch=&#8221;no&#8221; title=&#8221;Zipline Tour&#8221;][\/vc_column][vc_column width=&#8221;1\/4&#8243;][vc_video link=&#8221;https:\/\/www.youtube.com\/shorts\/qj5RRU_XDUI&#8221; el_aspect=&#8221;34&#8243; css=&#8221;&#8221; woodmart_css_id=&#8221;685171e867328&#8243; image_poster_switch=&#8221;no&#8221; title=&#8221;Scuba Diving Tour&#8221;][vc_video link=&#8221;https:\/\/www.youtube.com\/shorts\/0jiSGnwBhyE&#8221; el_aspect=&#8221;34&#8243; css=&#8221;&#8221; woodmart_css_id=&#8221;685175c0139f0&#8243; image_poster_switch=&#8221;no&#8221; title=&#8221;Buggy Safari&#8221;][\/vc_column][vc_column width=&#8221;1\/4&#8243;][vc_video link=&#8221;https:\/\/www.youtube.com\/shorts\/nanLKQMFQcQ&#8221; el_aspect=&#8221;34&#8243; css=&#8221;&#8221; woodmart_css_id=&#8221;6851742c6f1cf&#8221; image_poster_switch=&#8221;no&#8221; title=&#8221;Paragliding&#8221;][\/vc_column][\/vc_row][vc_row content_placement=&#8221;top&#8221; css=&#8221;.vc_custom_1748256113724{margin-right: -10px !important;margin-bottom: 4vh !important;margin-left: -10px !important;}&#8221; woodmart_css_id=&#8221;683444bb9a586&#8243; responsive_spacing=&#8221;eyJwYXJhbV90eXBlIjoid29vZG1hcnRfcmVzcG9uc2l2ZV9zcGFjaW5nIiwic2VsZWN0b3JfaWQiOiI2ODM0NDRiYjlhNTg2Iiwic2hvcnRjb2RlIjoidmNfcm93IiwiZGF0YSI6eyJ0YWJsZXQiOnt9LCJtb2JpbGUiOnt9fX0=&#8221; mobile_bg_img_hidden=&#8221;no&#8221; tablet_bg_img_hidden=&#8221;no&#8221; woodmart_parallax=&#8221;0&#8243; woodmart_gradient_switch=&#8221;no&#8221; woodmart_box_shadow=&#8221;no&#8221; wd_z_index=&#8221;no&#8221; woodmart_disable_overflow=&#8221;0&#8243; row_reverse_mobile=&#8221;0&#8243; row_reverse_tablet=&#8221;0&#8243;][vc_column width=&#8221;1\/3&#8243; css=&#8221;.vc_custom_1736620139084{margin-bottom: 20px !important;padding-top: 0px !important;padding-right: 10px !important;padding-left: 10px !important;}&#8221; woodmart_css_id=&#8221;6782b8391afbc&#8221; parallax_scroll=&#8221;no&#8221; woodmart_sticky_column=&#8221;false&#8221; wd_collapsible_content_switcher=&#8221;no&#8221; wd_column_role_offcanvas_desktop=&#8221;no&#8221; wd_column_role_offcanvas_tablet=&#8221;no&#8221; wd_column_role_offcanvas_mobile=&#8221;no&#8221; wd_column_role_content_desktop=&#8221;no&#8221; wd_column_role_content_tablet=&#8221;no&#8221; wd_column_role_content_mobile=&#8221;no&#8221; mobile_bg_img_hidden=&#8221;no&#8221; tablet_bg_img_hidden=&#8221;no&#8221; woodmart_parallax=&#8221;0&#8243; woodmart_box_shadow=&#8221;no&#8221; responsive_spacing=&#8221;eyJwYXJhbV90eXBlIjoid29vZG1hcnRfcmVzcG9uc2l2ZV9zcGFjaW5nIiwic2VsZWN0b3JfaWQiOiI2NzgyYjgzOTFhZmJjIiwic2hvcnRjb2RlIjoidmNfY29sdW1uIiwiZGF0YSI6eyJ0YWJsZXQiOnt9LCJtb2JpbGUiOnt9fX0=&#8221; mobile_reset_margin=&#8221;no&#8221; tablet_reset_margin=&#8221;no&#8221; wd_z_index=&#8221;no&#8221; offset=&#8221;vc_col-lg-4 vc_col-md-4&#8243;]\t\t\t<div class=\"info-box-wrapper\">\n\t\t\t\t<div id=\"wd-6941679aee37b\" class=\" wd-rs-6941679aee37b wd-info-box wd-wpb text-left box-icon-align-right box-style- color-scheme- wd-bg-none wd-items-top vc_custom_1765894054463\">\n\t\t\t\t\t\t\t\t\t\t\t<div class=\"box-icon-wrapper  box-with-icon box-icon-simple\">\n\t\t\t\t\t\t\t<div class=\"info-box-icon\">\n\n\t\t\t\t\t\t\t\n\t\t\t\t\t\t\t\t\t\t\t\t\t\t\t\t\t<img decoding=\"async\" width=\"40\" height=\"40\" src=\"https:\/\/www.forainnlara.com\/en\/wp-content\/uploads\/2025\/05\/mappp-40x40.png\" class=\"attachment-40x40 size-40x40\" alt=\"\" srcset=\"https:\/\/www.forainnlara.com\/en\/wp-content\/uploads\/2025\/05\/mappp-40x40.png 40w, https:\/\/www.forainnlara.com\/en\/wp-content\/uploads\/2025\/05\/mappp-300x300.png 300w, https:\/\/www.forainnlara.com\/en\/wp-content\/uploads\/2025\/05\/mappp-150x150.png 150w, https:\/\/www.forainnlara.com\/en\/wp-content\/uploads\/2025\/05\/mappp.png 709w\" sizes=\"(max-width: 40px) 100vw, 40px\" \/>\t\t\t\t\t\t\t\t\t\t\t\t\t\t\t\n\t\t\t\t\t\t\t<\/div>\n\t\t\t\t\t\t<\/div>\n\t\t\t\t\t\t\t\t\t\t<div class=\"info-box-content\">\n\t\t\t\t\t\t<h4 class=\"info-box-title title box-title-style-default wd-fontsize-m\">Address<\/h4>\t\t\t\t\t\t<div class=\"info-box-inner reset-last-child\"><p><a href=\"https:\/\/maps.app.goo.gl\/HsH949H3jgAE8asZA\">Z\u00fcmr\u00fctova, Sinano\u011flu Cd. No:73,<br \/>\n07200 Muratpa\u015fa\/Antalya<\/a><\/p>\n<\/div>\n\n\t\t\t\t\t\t\t\t\t\t\t<\/div>\n\n\t\t\t\t\t\n\t\t\t\t\t\t\t\t\t<\/div>\n\t\t\t<\/div>\n\t\t[\/vc_column][vc_column width=&#8221;1\/3&#8243; css=&#8221;.vc_custom_1736621507451{margin-bottom: 20px !important;padding-top: 0px !important;padding-right: 10px !important;padding-left: 10px !important;}&#8221; woodmart_css_id=&#8221;6782bd8d700da&#8221; parallax_scroll=&#8221;no&#8221; woodmart_sticky_column=&#8221;false&#8221; wd_collapsible_content_switcher=&#8221;no&#8221; wd_column_role_offcanvas_desktop=&#8221;no&#8221; wd_column_role_offcanvas_tablet=&#8221;no&#8221; wd_column_role_offcanvas_mobile=&#8221;no&#8221; wd_column_role_content_desktop=&#8221;no&#8221; wd_column_role_content_tablet=&#8221;no&#8221; wd_column_role_content_mobile=&#8221;no&#8221; mobile_bg_img_hidden=&#8221;no&#8221; tablet_bg_img_hidden=&#8221;no&#8221; woodmart_parallax=&#8221;0&#8243; woodmart_box_shadow=&#8221;no&#8221; responsive_spacing=&#8221;eyJwYXJhbV90eXBlIjoid29vZG1hcnRfcmVzcG9uc2l2ZV9zcGFjaW5nIiwic2VsZWN0b3JfaWQiOiI2NzgyYmQ4ZDcwMGRhIiwic2hvcnRjb2RlIjoidmNfY29sdW1uIiwiZGF0YSI6eyJ0YWJsZXQiOnt9LCJtb2JpbGUiOnt9fX0=&#8221; mobile_reset_margin=&#8221;no&#8221; tablet_reset_margin=&#8221;no&#8221; wd_z_index=&#8221;no&#8221; offset=&#8221;vc_col-lg-4 vc_col-md-4&#8243;]\t\t\t<div class=\"info-box-wrapper\">\n\t\t\t\t<div id=\"wd-694167a05dc40\" class=\" wd-rs-694167a05dc40 wd-info-box wd-wpb text-left box-icon-align-right box-style- color-scheme- wd-bg-none wd-items-top vc_custom_1765894061639\">\n\t\t\t\t\t\t\t\t\t\t\t<div class=\"box-icon-wrapper  box-with-icon box-icon-simple\">\n\t\t\t\t\t\t\t<div class=\"info-box-icon\">\n\n\t\t\t\t\t\t\t\n\t\t\t\t\t\t\t\t\t\t\t\t\t\t\t\t\t<img decoding=\"async\" width=\"40\" height=\"40\" src=\"https:\/\/www.forainnlara.com\/en\/wp-content\/uploads\/2025\/05\/telefonnnnn-40x40.png\" class=\"attachment-40x40 size-40x40\" alt=\"\" srcset=\"https:\/\/www.forainnlara.com\/en\/wp-content\/uploads\/2025\/05\/telefonnnnn-40x40.png 40w, https:\/\/www.forainnlara.com\/en\/wp-content\/uploads\/2025\/05\/telefonnnnn-300x300.png 300w, https:\/\/www.forainnlara.com\/en\/wp-content\/uploads\/2025\/05\/telefonnnnn-150x150.png 150w, https:\/\/www.forainnlara.com\/en\/wp-content\/uploads\/2025\/05\/telefonnnnn.png 710w\" sizes=\"(max-width: 40px) 100vw, 40px\" \/>\t\t\t\t\t\t\t\t\t\t\t\t\t\t\t\n\t\t\t\t\t\t\t<\/div>\n\t\t\t\t\t\t<\/div>\n\t\t\t\t\t\t\t\t\t\t<div class=\"info-box-content\">\n\t\t\t\t\t\t<h4 class=\"info-box-title title box-title-style-default wd-fontsize-m\">Phone<\/h4>\t\t\t\t\t\t<div class=\"info-box-inner reset-last-child\"><p><a href=\"tel:02423249926\">(0242) 324 99 26<\/a><br \/>\n<a href=\"tel:05320124686\">(0532) 012 46 86<\/a><\/p>\n<\/div>\n\n\t\t\t\t\t\t\t\t\t\t\t<\/div>\n\n\t\t\t\t\t\n\t\t\t\t\t\t\t\t\t<\/div>\n\t\t\t<\/div>\n\t\t[\/vc_column][vc_column width=&#8221;1\/3&#8243; css=&#8221;.vc_custom_1736621516004{margin-bottom: 20px !important;padding-top: 0px !important;padding-right: 10px !important;padding-left: 10px !important;}&#8221; woodmart_css_id=&#8221;6782bd9882e69&#8243; parallax_scroll=&#8221;no&#8221; woodmart_sticky_column=&#8221;false&#8221; wd_collapsible_content_switcher=&#8221;no&#8221; wd_column_role_offcanvas_desktop=&#8221;no&#8221; wd_column_role_offcanvas_tablet=&#8221;no&#8221; wd_column_role_offcanvas_mobile=&#8221;no&#8221; wd_column_role_content_desktop=&#8221;no&#8221; wd_column_role_content_tablet=&#8221;no&#8221; wd_column_role_content_mobile=&#8221;no&#8221; mobile_bg_img_hidden=&#8221;no&#8221; tablet_bg_img_hidden=&#8221;no&#8221; woodmart_parallax=&#8221;0&#8243; woodmart_box_shadow=&#8221;no&#8221; responsive_spacing=&#8221;eyJwYXJhbV90eXBlIjoid29vZG1hcnRfcmVzcG9uc2l2ZV9zcGFjaW5nIiwic2VsZWN0b3JfaWQiOiI2NzgyYmQ5ODgyZTY5Iiwic2hvcnRjb2RlIjoidmNfY29sdW1uIiwiZGF0YSI6eyJ0YWJsZXQiOnt9LCJtb2JpbGUiOnt9fX0=&#8221; mobile_reset_margin=&#8221;no&#8221; tablet_reset_margin=&#8221;no&#8221; wd_z_index=&#8221;no&#8221; offset=&#8221;vc_col-lg-4 vc_col-md-4&#8243;]\t\t\t<div class=\"info-box-wrapper\">\n\t\t\t\t<div id=\"wd-694167a80d3ec\" class=\" wd-rs-694167a80d3ec wd-info-box wd-wpb text-left box-icon-align-right box-style- color-scheme- wd-bg-none wd-items-top vc_custom_1765894069479\">\n\t\t\t\t\t\t\t\t\t\t\t<div class=\"box-icon-wrapper  box-with-icon box-icon-simple\">\n\t\t\t\t\t\t\t<div class=\"info-box-icon\">\n\n\t\t\t\t\t\t\t\n\t\t\t\t\t\t\t\t\t\t\t\t\t\t\t\t\t<img decoding=\"async\" width=\"40\" height=\"40\" src=\"https:\/\/www.forainnlara.com\/en\/wp-content\/uploads\/2025\/05\/emailllll-40x40.png\" class=\"attachment-40x40 size-40x40\" alt=\"\" srcset=\"https:\/\/www.forainnlara.com\/en\/wp-content\/uploads\/2025\/05\/emailllll-40x40.png 40w, https:\/\/www.forainnlara.com\/en\/wp-content\/uploads\/2025\/05\/emailllll-300x300.png 300w, https:\/\/www.forainnlara.com\/en\/wp-content\/uploads\/2025\/05\/emailllll-150x150.png 150w, https:\/\/www.forainnlara.com\/en\/wp-content\/uploads\/2025\/05\/emailllll.png 710w\" sizes=\"(max-width: 40px) 100vw, 40px\" \/>\t\t\t\t\t\t\t\t\t\t\t\t\t\t\t\n\t\t\t\t\t\t\t<\/div>\n\t\t\t\t\t\t<\/div>\n\t\t\t\t\t\t\t\t\t\t<div class=\"info-box-content\">\n\t\t\t\t\t\t<h4 class=\"info-box-title title box-title-style-default wd-fontsize-m\">Email<\/h4>\t\t\t\t\t\t<div class=\"info-box-inner reset-last-child\"><p><a href=\"mailto:info@forainnlara.com\">info@forainnlara.com<\/a><br \/>\n<a href=\"mailto:iletisim@forainnlara.com\">iletisim@forainnlara.com<\/a><\/p>\n<\/div>\n\n\t\t\t\t\t\t\t\t\t\t\t<\/div>\n\n\t\t\t\t\t\n\t\t\t\t\t\t\t\t\t<\/div>\n\t\t\t<\/div>\n\t\t[\/vc_column][\/vc_row]<\/p>\n<\/div>","protected":false},"excerpt":{"rendered":"<p>[vc_row css=&#8221;.vc_custom_1693568326830{margin-bottom: 80px !important;}&#8221; woodmart_css_id=&#8221;64f1cd3e187b0&#8243; responsive_spacing=&#8221;eyJwYXJhbV90eXBlIjoid29vZG1hcnRfcmVzcG9uc2l2ZV9zcGFjaW5nIiwic2VsZWN0b3JfaWQiOiI2NGYxY2QzZTE4N2IwIiwic2hvcnRjb2RlIjoidmNfcm93IiwiZGF0YSI6eyJ0YWJsZXQiOnsibWFyZ2luLWJvdHRvbSI6IjYwIn0sIm1vYmlsZSI6eyJtYXJnaW4tYm90dG9tIjoiNDAifX19&#8243; mobile_bg_img_hidden=&#8221;no&#8221; tablet_bg_img_hidden=&#8221;no&#8221; woodmart_parallax=&#8221;0&#8243; woodmart_gradient_switch=&#8221;no&#8221; woodmart_box_shadow=&#8221;no&#8221; wd_z_index=&#8221;no&#8221; woodmart_disable_overflow=&#8221;0&#8243; row_reverse_mobile=&#8221;0&#8243; row_reverse_tablet=&#8221;0&#8243;][vc_column width=&#8221;1\/4&#8243;][vc_video link=&#8221;https:\/\/www.youtube.com\/shorts\/iFuHga8oKAA&#8221; el_aspect=&#8221;34&#8243; css=&#8221;&#8221; woodmart_css_id=&#8221;6851741ec70e3&#8243;<\/p>\n","protected":false},"author":1,"featured_media":0,"parent":0,"menu_order":0,"comment_status":"closed","ping_status":"closed","template":"","meta":{"footnotes":""},"class_list":["post-925","page","type-page","status-publish","hentry"],"_links":{"self":[{"href":"https:\/\/www.forainnlara.com\/en\/wp-json\/wp\/v2\/pages\/925","targetHints":{"allow":["GET"]}}],"collection":[{"href":"https:\/\/www.forainnlara.com\/en\/wp-json\/wp\/v2\/pages"}],"about":[{"href":"https:\/\/www.forainnlara.com\/en\/wp-json\/wp\/v2\/types\/page"}],"author":[{"embeddable":true,"href":"https:\/\/www.forainnlara.com\/en\/wp-json\/wp\/v2\/users\/1"}],"replies":[{"embeddable":true,"href":"https:\/\/www.forainnlara.com\/en\/wp-json\/wp\/v2\/comments?post=925"}],"version-history":[{"count":27,"href":"https:\/\/www.forainnlara.com\/en\/wp-json\/wp\/v2\/pages\/925\/revisions"}],"predecessor-version":[{"id":1748,"href":"https:\/\/www.forainnlara.com\/en\/wp-json\/wp\/v2\/pages\/925\/revisions\/1748"}],"wp:attachment":[{"href":"https:\/\/www.forainnlara.com\/en\/wp-json\/wp\/v2\/media?parent=925"}],"curies":[{"name":"wp","href":"https:\/\/api.w.org\/{rel}","templated":true}]}}